{"id":6336,"date":"2025-08-09T14:58:35","date_gmt":"2025-08-09T14:58:35","guid":{"rendered":"https:\/\/kreatif360.com\/ramademo\/?page_id=6336"},"modified":"2025-08-10T15:22:48","modified_gmt":"2025-08-10T15:22:48","slug":"cevre-politikamiz","status":"publish","type":"page","link":"https:\/\/kreatif360.com\/ramademo\/cevre-politikamiz\/","title":{"rendered":"\u00c7evre Politikam\u0131z"},"content":{"rendered":"\t\t<div data-elementor-type=\"wp-page\" data-elementor-id=\"6336\" class=\"elementor elementor-6336\">\n\t\t\t\t\t\t<section class=\"elementor-section elementor-top-section elementor-element elementor-element-ed161ce elementor-section-boxed elementor-section-height-default elementor-section-height-default\" data-id=\"ed161ce\" data-element_type=\"section\" data-e-type=\"section\">\n\t\t\t\t\t\t<div class=\"elementor-container elementor-column-gap-default\">\n\t\t\t\t\t<div class=\"elementor-column elementor-col-100 elementor-top-column elementor-element elementor-element-23d4d5f\" data-id=\"23d4d5f\" data-element_type=\"column\" data-e-type=\"column\">\n\t\t\t<div class=\"elementor-widget-wrap elementor-element-populated\">\n\t\t\t\t\t\t<section class=\"elementor-section elementor-inner-section elementor-element elementor-element-00d0899 elementor-section-content-middle elementor-section-boxed elementor-section-height-default elementor-section-height-default\" data-id=\"00d0899\" data-element_type=\"section\" data-e-type=\"section\">\n\t\t\t\t\t\t<div class=\"elementor-container elementor-column-gap-default\">\n\t\t\t\t\t<div class=\"elementor-column elementor-col-100 elementor-inner-column elementor-element elementor-element-844cf94\" data-id=\"844cf94\" data-element_type=\"column\" data-e-type=\"column\">\n\t\t\t<div class=\"elementor-widget-wrap elementor-element-populated\">\n\t\t\t\t\t\t<div class=\"elementor-element elementor-element-5e6a11b elementor-widget elementor-widget-heading\" data-id=\"5e6a11b\" data-element_type=\"widget\" data-e-type=\"widget\" data-widget_type=\"heading.default\">\n\t\t\t\t\t<h2 class=\"elementor-heading-title elementor-size-default\">\u00c7evre Dostu Asfalt \u00dcretimi; Rama Asfalt ile S\u00fcrd\u00fcr\u00fclebilir Yol \u00c7\u00f6z\u00fcmleri<\/h2>\t\t\t\t<\/div>\n\t\t\t\t<div class=\"elementor-element elementor-element-19486f8 elementor-widget-divider--view-line elementor-widget elementor-widget-divider\" data-id=\"19486f8\" data-element_type=\"widget\" data-e-type=\"widget\" data-widget_type=\"divider.default\">\n\t\t\t\t\t\t\t<div class=\"elementor-divider\">\n\t\t\t<span class=\"elementor-divider-separator\">\n\t\t\t\t\t\t<\/span>\n\t\t<\/div>\n\t\t\t\t\t\t<\/div>\n\t\t\t\t<div class=\"elementor-element elementor-element-5c57b03 elementor-widget elementor-widget-text-editor\" data-id=\"5c57b03\" data-element_type=\"widget\" data-e-type=\"widget\" data-widget_type=\"text-editor.default\">\n\t\t\t\t\t\t\t\t\t<p data-start=\"1486\" data-end=\"1853\">Rama Asfalt, asfalt \u00fcretimi ve uygulama s\u00fcre\u00e7lerinde <strong data-start=\"1539\" data-end=\"1568\">\u00e7evre dostu bir yakla\u015f\u0131m\u0131<\/strong> benimser. Adana\u2019da kurulu tesislerimizde, \u00fcretimden uygulamaya kadar t\u00fcm a\u015famalarda do\u011faya ve \u00e7evreye en az etki b\u0131rakacak y\u00f6ntemleri tercih ederiz. Enerji verimlili\u011fini art\u0131ran, emisyonu azaltan ve geri d\u00f6n\u00fc\u015ft\u00fcr\u00fclebilir malzemeler kullanan modern \u00fcretim teknikleri ile \u00e7al\u0131\u015f\u0131yoruz.<\/p><p data-start=\"1855\" data-end=\"2255\">\u00c7evre politikam\u0131z, yaln\u0131zca mevzuata uyum sa\u011flamakla kalmaz, ayn\u0131 zamanda \u00e7evreyi korumaya y\u00f6nelik g\u00f6n\u00fcll\u00fc projeleri de kapsar. T\u00fcrkiye\u2019nin d\u00f6rt bir yan\u0131na asfalt \u00fcretimi ve uygulama hizmeti sunarken, her projemizde do\u011fal kaynaklar\u0131n verimli kullan\u0131m\u0131na \u00f6nem veriyoruz. <strong data-start=\"2125\" data-end=\"2140\">Rama Asfalt<\/strong>, \u00e7evre bilincini t\u00fcm \u00e7al\u0131\u015fanlar\u0131na ve i\u015f ortaklar\u0131na a\u015f\u0131lamak i\u00e7in e\u011fitimler ve fark\u0131ndal\u0131k \u00e7al\u0131\u015fmalar\u0131 y\u00fcr\u00fct\u00fcr.<\/p><p data-start=\"2257\" data-end=\"2641\">Geri d\u00f6n\u00fc\u015f\u00fcm teknolojilerini kullanarak eski asfalt\u0131n yeniden de\u011ferlendirilmesini sa\u011fl\u0131yor, b\u00f6ylece hem do\u011fal kaynak t\u00fcketimini hem de at\u0131k miktar\u0131n\u0131 azalt\u0131yoruz. Adana\u2019dan t\u00fcm T\u00fcrkiye\u2019ye ula\u015ft\u0131rd\u0131\u011f\u0131m\u0131z asfalt \u00fcretim hizmetlerimizde, \u00e7evreye duyarl\u0131 \u00e7\u00f6z\u00fcmlerimizle fark yarat\u0131yoruz. Bizim i\u00e7in gelecek nesillere daha ya\u015fanabilir bir d\u00fcnya b\u0131rakmak, i\u015fimizin ayr\u0131lmaz bir par\u00e7as\u0131d\u0131r.<\/p>\t\t\t\t\t\t\t\t<\/div>\n\t\t\t\t\t<\/div>\n\t\t<\/div>\n\t\t\t\t\t<\/div>\n\t\t<\/section>\n\t\t\t\t<div class=\"elementor-element elementor-element-3c5e06f elementor-widget elementor-widget-spacer\" data-id=\"3c5e06f\" data-element_type=\"widget\" data-e-type=\"widget\" data-widget_type=\"spacer.default\">\n\t\t\t\t\t\t\t<div class=\"elementor-spacer\">\n\t\t\t<div class=\"elementor-spacer-inner\"><\/div>\n\t\t<\/div>\n\t\t\t\t\t\t<\/div>\n\t\t\t\t\t<\/div>\n\t\t<\/div>\n\t\t\t\t\t<\/div>\n\t\t<\/section>\n\t\t\t\t<\/div>\n\t\t","protected":false},"excerpt":{"rendered":"<p>\u00c7evre Dostu Asfalt \u00dcretimi; Rama Asfalt ile S\u00fcrd\u00fcr\u00fclebilir Yol \u00c7\u00f6z\u00fcmleri Rama Asfalt, asfalt \u00fcretimi ve uygulama s\u00fcre\u00e7lerinde \u00e7evre dostu bir yakla\u015f\u0131m\u0131 benimser. Adana\u2019da kurulu tesislerimizde, \u00fcretimden uygulamaya kadar t\u00fcm a\u015famalarda do\u011faya ve \u00e7evreye en az etki b\u0131rakacak y\u00f6ntemleri tercih ederiz. Enerji verimlili\u011fini art\u0131ran, emisyonu azaltan ve geri d\u00f6n\u00fc\u015ft\u00fcr\u00fclebilir malzemeler kullanan<\/p>\n","protected":false},"author":1,"featured_media":0,"parent":0,"menu_order":0,"comment_status":"closed","ping_status":"closed","template":"","meta":{"inline_featured_image":false,"footnotes":""},"class_list":["post-6336","page","type-page","status-publish","hentry"],"_links":{"self":[{"href":"https:\/\/kreatif360.com\/ramademo\/wp-json\/wp\/v2\/pages\/6336","targetHints":{"allow":["GET"]}}],"collection":[{"href":"https:\/\/kreatif360.com\/ramademo\/wp-json\/wp\/v2\/pages"}],"about":[{"href":"https:\/\/kreatif360.com\/ramademo\/wp-json\/wp\/v2\/types\/page"}],"author":[{"embeddable":true,"href":"https:\/\/kreatif360.com\/ramademo\/wp-json\/wp\/v2\/users\/1"}],"replies":[{"embeddable":true,"href":"https:\/\/kreatif360.com\/ramademo\/wp-json\/wp\/v2\/comments?post=6336"}],"version-history":[{"count":13,"href":"https:\/\/kreatif360.com\/ramademo\/wp-json\/wp\/v2\/pages\/6336\/revisions"}],"predecessor-version":[{"id":6418,"href":"https:\/\/kreatif360.com\/ramademo\/wp-json\/wp\/v2\/pages\/6336\/revisions\/6418"}],"wp:attachment":[{"href":"https:\/\/kreatif360.com\/ramademo\/wp-json\/wp\/v2\/media?parent=6336"}],"curies":[{"name":"wp","href":"https:\/\/api.w.org\/{rel}","templated":true}]}}