{"id":6335,"date":"2025-08-09T14:58:55","date_gmt":"2025-08-09T14:58:55","guid":{"rendered":"https:\/\/kreatif360.com\/ramademo\/?page_id=6335"},"modified":"2025-08-10T15:23:15","modified_gmt":"2025-08-10T15:23:15","slug":"is-sagligi-ve-guvenligi","status":"publish","type":"page","link":"https:\/\/kreatif360.com\/ramademo\/is-sagligi-ve-guvenligi\/","title":{"rendered":"\u0130\u015f sa\u011fl\u0131\u011f\u0131 ve G\u00fcvenli\u011fi"},"content":{"rendered":"\t\t<div data-elementor-type=\"wp-page\" data-elementor-id=\"6335\" class=\"elementor elementor-6335\">\n\t\t\t\t\t\t<section class=\"elementor-section elementor-top-section elementor-element elementor-element-eb21548 elementor-section-boxed elementor-section-height-default elementor-section-height-default\" data-id=\"eb21548\" data-element_type=\"section\" data-e-type=\"section\">\n\t\t\t\t\t\t<div class=\"elementor-container elementor-column-gap-default\">\n\t\t\t\t\t<div class=\"elementor-column elementor-col-100 elementor-top-column elementor-element elementor-element-2cafed6\" data-id=\"2cafed6\" data-element_type=\"column\" data-e-type=\"column\">\n\t\t\t<div class=\"elementor-widget-wrap elementor-element-populated\">\n\t\t\t\t\t\t<section class=\"elementor-section elementor-inner-section elementor-element elementor-element-6942755 elementor-section-content-middle elementor-section-boxed elementor-section-height-default elementor-section-height-default\" data-id=\"6942755\" data-element_type=\"section\" data-e-type=\"section\">\n\t\t\t\t\t\t<div class=\"elementor-container elementor-column-gap-default\">\n\t\t\t\t\t<div class=\"elementor-column elementor-col-100 elementor-inner-column elementor-element elementor-element-d8ae5b3\" data-id=\"d8ae5b3\" data-element_type=\"column\" data-e-type=\"column\">\n\t\t\t<div class=\"elementor-widget-wrap elementor-element-populated\">\n\t\t\t\t\t\t<div class=\"elementor-element elementor-element-f88a5a9 elementor-widget elementor-widget-heading\" data-id=\"f88a5a9\" data-element_type=\"widget\" data-e-type=\"widget\" data-widget_type=\"heading.default\">\n\t\t\t\t\t<h2 class=\"elementor-heading-title elementor-size-default\">Rama Asfalt\u2019ta \u0130\u015f Sa\u011fl\u0131\u011f\u0131 ve G\u00fcvenli\u011fi; T\u00fcrkiye Genelinde G\u00fcvenli Asfalt Uygulamalar\u0131\"<\/h2>\t\t\t\t<\/div>\n\t\t\t\t<div class=\"elementor-element elementor-element-29a0761 elementor-widget-divider--view-line elementor-widget elementor-widget-divider\" data-id=\"29a0761\" data-element_type=\"widget\" data-e-type=\"widget\" data-widget_type=\"divider.default\">\n\t\t\t\t\t\t\t<div class=\"elementor-divider\">\n\t\t\t<span class=\"elementor-divider-separator\">\n\t\t\t\t\t\t<\/span>\n\t\t<\/div>\n\t\t\t\t\t\t<\/div>\n\t\t\t\t<div class=\"elementor-element elementor-element-bfd886d elementor-widget elementor-widget-text-editor\" data-id=\"bfd886d\" data-element_type=\"widget\" data-e-type=\"widget\" data-widget_type=\"text-editor.default\">\n\t\t\t\t\t\t\t\t\t<p data-start=\"2685\" data-end=\"3048\">Rama Asfalt, asfalt \u00fcretimi ve uygulama hizmetlerinde i\u015f sa\u011fl\u0131\u011f\u0131 ve g\u00fcvenli\u011fini en \u00fcst d\u00fczeyde tutar. Adana\u2019daki modern tesislerimizde, \u00fcretimden sahadaki uygulamalara kadar t\u00fcm s\u00fcre\u00e7lerimiz <strong data-start=\"2876\" data-end=\"2920\">uluslararas\u0131 i\u015f g\u00fcvenli\u011fi standartlar\u0131na<\/strong> uygun \u015fekilde y\u00fcr\u00fct\u00fcl\u00fcr. Amac\u0131m\u0131z, \u00e7al\u0131\u015fanlar\u0131m\u0131z\u0131n, i\u015f ortaklar\u0131m\u0131z\u0131n ve hizmet sundu\u011fumuz toplumun g\u00fcvenli\u011fini sa\u011flamakt\u0131r.<\/p><p data-start=\"3050\" data-end=\"3433\">T\u00fcm \u00e7al\u0131\u015fanlar\u0131m\u0131za d\u00fczenli olarak i\u015f g\u00fcvenli\u011fi e\u011fitimleri veriyor, ki\u015fisel koruyucu ekipman kullan\u0131m\u0131n\u0131 zorunlu k\u0131l\u0131yoruz. T\u00fcrkiye\u2019nin d\u00f6rt bir yan\u0131nda y\u00fcr\u00fctt\u00fc\u011f\u00fcm\u00fcz asfalt \u00fcretimi ve uygulama projelerinde, saha denetimleri ve risk analizleri ile g\u00fcvenli bir \u00e7al\u0131\u015fma ortam\u0131 sa\u011fl\u0131yoruz. <strong data-start=\"3336\" data-end=\"3351\">Rama Asfalt<\/strong>, kazalar\u0131n \u00f6nlenebilir oldu\u011funa inan\u0131r ve bu do\u011frultuda proaktif \u00f6nlemler al\u0131r.<\/p><p data-start=\"3435\" data-end=\"3839\">\u00dcretim tesislerimizde kullan\u0131lan makineler d\u00fczenli bak\u0131mdan ge\u00e7irilir, g\u00fcvenlik ekipmanlar\u0131 s\u00fcrekli kontrol alt\u0131nda tutulur. Ayr\u0131ca acil durum planlar\u0131, yang\u0131n tatbikatlar\u0131 ve sa\u011fl\u0131k kontrolleri ile g\u00fcvenli\u011fin s\u00fcreklili\u011fini sa\u011fl\u0131yoruz. Adana\u2019dan t\u00fcm T\u00fcrkiye\u2019ye uzanan asfalt \u00fcretim hizmetlerimizde, g\u00fcvenlik her zaman \u00f6nceli\u011fimizdir. Bizim i\u00e7in i\u015f sa\u011fl\u0131\u011f\u0131 ve g\u00fcvenli\u011fi, \u00fcretim kalitesi kadar \u00f6nemlidir.<\/p>\t\t\t\t\t\t\t\t<\/div>\n\t\t\t\t\t<\/div>\n\t\t<\/div>\n\t\t\t\t\t<\/div>\n\t\t<\/section>\n\t\t\t\t<div class=\"elementor-element elementor-element-17d4390 elementor-widget elementor-widget-spacer\" data-id=\"17d4390\" data-element_type=\"widget\" data-e-type=\"widget\" data-widget_type=\"spacer.default\">\n\t\t\t\t\t\t\t<div class=\"elementor-spacer\">\n\t\t\t<div class=\"elementor-spacer-inner\"><\/div>\n\t\t<\/div>\n\t\t\t\t\t\t<\/div>\n\t\t\t\t\t<\/div>\n\t\t<\/div>\n\t\t\t\t\t<\/div>\n\t\t<\/section>\n\t\t\t\t<\/div>\n\t\t","protected":false},"excerpt":{"rendered":"<p>Rama Asfalt\u2019ta \u0130\u015f Sa\u011fl\u0131\u011f\u0131 ve G\u00fcvenli\u011fi; T\u00fcrkiye Genelinde G\u00fcvenli Asfalt Uygulamalar\u0131&#8221; Rama Asfalt, asfalt \u00fcretimi ve uygulama hizmetlerinde i\u015f sa\u011fl\u0131\u011f\u0131 ve g\u00fcvenli\u011fini en \u00fcst d\u00fczeyde tutar. Adana\u2019daki modern tesislerimizde, \u00fcretimden sahadaki uygulamalara kadar t\u00fcm s\u00fcre\u00e7lerimiz uluslararas\u0131 i\u015f g\u00fcvenli\u011fi standartlar\u0131na uygun \u015fekilde y\u00fcr\u00fct\u00fcl\u00fcr. Amac\u0131m\u0131z, \u00e7al\u0131\u015fanlar\u0131m\u0131z\u0131n, i\u015f ortaklar\u0131m\u0131z\u0131n ve hizmet sundu\u011fumuz toplumun<\/p>\n","protected":false},"author":1,"featured_media":0,"parent":0,"menu_order":0,"comment_status":"closed","ping_status":"closed","template":"","meta":{"inline_featured_image":false,"footnotes":""},"class_list":["post-6335","page","type-page","status-publish","hentry"],"_links":{"self":[{"href":"https:\/\/kreatif360.com\/ramademo\/wp-json\/wp\/v2\/pages\/6335","targetHints":{"allow":["GET"]}}],"collection":[{"href":"https:\/\/kreatif360.com\/ramademo\/wp-json\/wp\/v2\/pages"}],"about":[{"href":"https:\/\/kreatif360.com\/ramademo\/wp-json\/wp\/v2\/types\/page"}],"author":[{"embeddable":true,"href":"https:\/\/kreatif360.com\/ramademo\/wp-json\/wp\/v2\/users\/1"}],"replies":[{"embeddable":true,"href":"https:\/\/kreatif360.com\/ramademo\/wp-json\/wp\/v2\/comments?post=6335"}],"version-history":[{"count":7,"href":"https:\/\/kreatif360.com\/ramademo\/wp-json\/wp\/v2\/pages\/6335\/revisions"}],"predecessor-version":[{"id":6421,"href":"https:\/\/kreatif360.com\/ramademo\/wp-json\/wp\/v2\/pages\/6335\/revisions\/6421"}],"wp:attachment":[{"href":"https:\/\/kreatif360.com\/ramademo\/wp-json\/wp\/v2\/media?parent=6335"}],"curies":[{"name":"wp","href":"https:\/\/api.w.org\/{rel}","templated":true}]}}