{"id":6332,"date":"2025-08-09T15:25:18","date_gmt":"2025-08-09T15:25:18","guid":{"rendered":"https:\/\/kreatif360.com\/ramademo\/?page_id=6332"},"modified":"2025-08-10T14:21:54","modified_gmt":"2025-08-10T14:21:54","slug":"belgelerimiz","status":"publish","type":"page","link":"https:\/\/kreatif360.com\/ramademo\/belgelerimiz\/","title":{"rendered":"Belgelerimiz"},"content":{"rendered":"\t\t<div data-elementor-type=\"wp-page\" data-elementor-id=\"6332\" class=\"elementor elementor-6332\">\n\t\t\t\t\t\t<section class=\"elementor-section elementor-top-section elementor-element elementor-element-0d76907 elementor-section-boxed elementor-section-height-default elementor-section-height-default\" data-id=\"0d76907\" data-element_type=\"section\" data-e-type=\"section\">\n\t\t\t\t\t\t<div class=\"elementor-container elementor-column-gap-default\">\n\t\t\t\t\t<div class=\"elementor-column elementor-col-100 elementor-top-column elementor-element elementor-element-c639a0c\" data-id=\"c639a0c\" data-element_type=\"column\" data-e-type=\"column\">\n\t\t\t<div class=\"elementor-widget-wrap elementor-element-populated\">\n\t\t\t\t\t\t<section class=\"elementor-section elementor-inner-section elementor-element elementor-element-99b8bea elementor-section-content-middle elementor-section-boxed elementor-section-height-default elementor-section-height-default\" data-id=\"99b8bea\" data-element_type=\"section\" data-e-type=\"section\">\n\t\t\t\t\t\t<div class=\"elementor-container elementor-column-gap-default\">\n\t\t\t\t\t<div class=\"elementor-column elementor-col-100 elementor-inner-column elementor-element elementor-element-82da07b\" data-id=\"82da07b\" data-element_type=\"column\" data-e-type=\"column\">\n\t\t\t<div class=\"elementor-widget-wrap elementor-element-populated\">\n\t\t\t\t\t\t<div class=\"elementor-element elementor-element-2a6e4a6 elementor-widget elementor-widget-heading\" data-id=\"2a6e4a6\" data-element_type=\"widget\" data-e-type=\"widget\" data-widget_type=\"heading.default\">\n\t\t\t\t\t<h2 class=\"elementor-heading-title elementor-size-default\">Ba\u015fl\u0131k<\/h2>\t\t\t\t<\/div>\n\t\t\t\t<div class=\"elementor-element elementor-element-a5ceba1 elementor-widget-divider--view-line elementor-widget elementor-widget-divider\" data-id=\"a5ceba1\" data-element_type=\"widget\" data-e-type=\"widget\" data-widget_type=\"divider.default\">\n\t\t\t\t\t\t\t<div class=\"elementor-divider\">\n\t\t\t<span class=\"elementor-divider-separator\">\n\t\t\t\t\t\t<\/span>\n\t\t<\/div>\n\t\t\t\t\t\t<\/div>\n\t\t\t\t<div class=\"elementor-element elementor-element-69479dc elementor-widget elementor-widget-text-editor\" data-id=\"69479dc\" data-element_type=\"widget\" data-e-type=\"widget\" data-widget_type=\"text-editor.default\">\n\t\t\t\t\t\t\t\t\t<p>\u0130\u00e7erik<\/p>\t\t\t\t\t\t\t\t<\/div>\n\t\t\t\t\t<\/div>\n\t\t<\/div>\n\t\t\t\t\t<\/div>\n\t\t<\/section>\n\t\t\t\t<div class=\"elementor-element elementor-element-0295199 elementor-widget elementor-widget-spacer\" data-id=\"0295199\" data-element_type=\"widget\" data-e-type=\"widget\" data-widget_type=\"spacer.default\">\n\t\t\t\t\t\t\t<div class=\"elementor-spacer\">\n\t\t\t<div class=\"elementor-spacer-inner\"><\/div>\n\t\t<\/div>\n\t\t\t\t\t\t<\/div>\n\t\t\t\t\t<\/div>\n\t\t<\/div>\n\t\t\t\t\t<\/div>\n\t\t<\/section>\n\t\t\t\t<\/div>\n\t\t","protected":false},"excerpt":{"rendered":"<p>Ba\u015fl\u0131k \u0130\u00e7erik<\/p>\n","protected":false},"author":1,"featured_media":0,"parent":0,"menu_order":0,"comment_status":"closed","ping_status":"closed","template":"","meta":{"inline_featured_image":false,"footnotes":""},"class_list":["post-6332","page","type-page","status-publish","hentry"],"_links":{"self":[{"href":"https:\/\/kreatif360.com\/ramademo\/wp-json\/wp\/v2\/pages\/6332","targetHints":{"allow":["GET"]}}],"collection":[{"href":"https:\/\/kreatif360.com\/ramademo\/wp-json\/wp\/v2\/pages"}],"about":[{"href":"https:\/\/kreatif360.com\/ramademo\/wp-json\/wp\/v2\/types\/page"}],"author":[{"embeddable":true,"href":"https:\/\/kreatif360.com\/ramademo\/wp-json\/wp\/v2\/users\/1"}],"replies":[{"embeddable":true,"href":"https:\/\/kreatif360.com\/ramademo\/wp-json\/wp\/v2\/comments?post=6332"}],"version-history":[{"count":4,"href":"https:\/\/kreatif360.com\/ramademo\/wp-json\/wp\/v2\/pages\/6332\/revisions"}],"predecessor-version":[{"id":6383,"href":"https:\/\/kreatif360.com\/ramademo\/wp-json\/wp\/v2\/pages\/6332\/revisions\/6383"}],"wp:attachment":[{"href":"https:\/\/kreatif360.com\/ramademo\/wp-json\/wp\/v2\/media?parent=6332"}],"curies":[{"name":"wp","href":"https:\/\/api.w.org\/{rel}","templated":true}]}}