{"id":6321,"date":"2025-08-09T14:51:16","date_gmt":"2025-08-09T14:51:16","guid":{"rendered":"https:\/\/kreatif360.com\/ramademo\/?page_id=6321"},"modified":"2025-08-10T15:21:02","modified_gmt":"2025-08-10T15:21:02","slug":"kalite-poltikamiz","status":"publish","type":"page","link":"https:\/\/kreatif360.com\/ramademo\/kalite-poltikamiz\/","title":{"rendered":"Kalite Politikam\u0131z"},"content":{"rendered":"\t\t<div data-elementor-type=\"wp-page\" data-elementor-id=\"6321\" class=\"elementor elementor-6321\">\n\t\t\t\t\t\t<section class=\"elementor-section elementor-top-section elementor-element elementor-element-9117bb4 elementor-section-boxed elementor-section-height-default elementor-section-height-default\" data-id=\"9117bb4\" data-element_type=\"section\" data-e-type=\"section\">\n\t\t\t\t\t\t<div class=\"elementor-container elementor-column-gap-default\">\n\t\t\t\t\t<div class=\"elementor-column elementor-col-100 elementor-top-column elementor-element elementor-element-2a672c7\" data-id=\"2a672c7\" data-element_type=\"column\" data-e-type=\"column\">\n\t\t\t<div class=\"elementor-widget-wrap elementor-element-populated\">\n\t\t\t\t\t\t<section class=\"elementor-section elementor-inner-section elementor-element elementor-element-1873cd4 elementor-section-content-middle elementor-section-boxed elementor-section-height-default elementor-section-height-default\" data-id=\"1873cd4\" data-element_type=\"section\" data-e-type=\"section\">\n\t\t\t\t\t\t<div class=\"elementor-container elementor-column-gap-default\">\n\t\t\t\t\t<div class=\"elementor-column elementor-col-100 elementor-inner-column elementor-element elementor-element-002e066\" data-id=\"002e066\" data-element_type=\"column\" data-e-type=\"column\">\n\t\t\t<div class=\"elementor-widget-wrap elementor-element-populated\">\n\t\t\t\t\t\t<div class=\"elementor-element elementor-element-a2ae7d7 elementor-widget elementor-widget-heading\" data-id=\"a2ae7d7\" data-element_type=\"widget\" data-e-type=\"widget\" data-widget_type=\"heading.default\">\n\t\t\t\t\t<h2 class=\"elementor-heading-title elementor-size-default\">Rama Asfalt Kalite Politikas\u0131: Adana\u2019dan T\u00fcm T\u00fcrkiye\u2019ye G\u00fcvenilir Asfalt \u00dcretimi<\/h2>\t\t\t\t<\/div>\n\t\t\t\t<div class=\"elementor-element elementor-element-7e12ffb elementor-widget-divider--view-line elementor-widget elementor-widget-divider\" data-id=\"7e12ffb\" data-element_type=\"widget\" data-e-type=\"widget\" data-widget_type=\"divider.default\">\n\t\t\t\t\t\t\t<div class=\"elementor-divider\">\n\t\t\t<span class=\"elementor-divider-separator\">\n\t\t\t\t\t\t<\/span>\n\t\t<\/div>\n\t\t\t\t\t\t<\/div>\n\t\t\t\t<div class=\"elementor-element elementor-element-1b08ff8 elementor-widget elementor-widget-text-editor\" data-id=\"1b08ff8\" data-element_type=\"widget\" data-e-type=\"widget\" data-widget_type=\"text-editor.default\">\n\t\t\t\t\t\t\t\t\t<p data-start=\"246\" data-end=\"685\">Rama Asfalt olarak, asfalt \u00fcretimi ve asfalt uygulama hizmetlerimizde <strong data-start=\"316\" data-end=\"354\">uluslararas\u0131 kalite standartlar\u0131n\u0131<\/strong> esas al\u0131yoruz. Adana\u2019daki modern tesislerimizde \u00fcretti\u011fimiz asfalt, hem yerel hem de ulusal \u00f6l\u00e7ekte ihtiya\u00e7lara cevap verecek \u015fekilde tasarlanmaktad\u0131r. Kalitemizi s\u00fcrekli iyile\u015ftirmek i\u00e7in \u00fcretim s\u00fcrecimizin her a\u015famas\u0131nda titiz kontroller ger\u00e7ekle\u015ftiriyor, en son teknolojiye sahip ekipmanlar ve uzman personel ile \u00e7al\u0131\u015f\u0131yoruz.<\/p><p data-start=\"687\" data-end=\"1007\">Kalite politikam\u0131z, m\u00fc\u015fteri memnuniyetini en \u00fcst seviyede tutmay\u0131, projeleri zaman\u0131nda ve eksiksiz teslim etmeyi, malzeme kalitesinden \u00f6d\u00fcn vermemeyi kapsar. T\u00fcrkiye\u2019nin d\u00f6rt bir yan\u0131na asfalt \u00fcretimi ve uygulama hizmeti sunarken, <strong data-start=\"918\" data-end=\"933\">Rama Asfalt<\/strong> markas\u0131n\u0131n g\u00fcvenilirli\u011fini ve prestijini korumak en temel hedefimizdir.<\/p><p data-start=\"1009\" data-end=\"1448\">S\u00fcrd\u00fcr\u00fclebilir bir kalite anlay\u0131\u015f\u0131yla, sekt\u00f6rdeki yenilikleri takip ediyor, Ar-Ge \u00e7al\u0131\u015fmalar\u0131na yat\u0131r\u0131m yap\u0131yoruz. Her projede, \u00e7evreye duyarl\u0131, uzun \u00f6m\u00fcrl\u00fc ve y\u00fcksek dayan\u0131kl\u0131l\u0131\u011fa sahip asfalt \u00fcretimi ger\u00e7ekle\u015ftiriyoruz. Adana\u2019dan t\u00fcm T\u00fcrkiye\u2019ye yay\u0131lan hizmet a\u011f\u0131m\u0131zla, yollar\u0131n ve altyap\u0131 projelerinin uzun y\u0131llar sorunsuz kullan\u0131lmas\u0131n\u0131 sa\u011fl\u0131yoruz. <strong data-start=\"1362\" data-end=\"1377\">Rama Asfalt<\/strong>, kaliteyi sadece bir hedef de\u011fil, de\u011fi\u015fmez bir ilke olarak benimser.<\/p>\t\t\t\t\t\t\t\t<\/div>\n\t\t\t\t\t<\/div>\n\t\t<\/div>\n\t\t\t\t\t<\/div>\n\t\t<\/section>\n\t\t\t\t<div class=\"elementor-element elementor-element-10d284e elementor-widget elementor-widget-spacer\" data-id=\"10d284e\" data-element_type=\"widget\" data-e-type=\"widget\" data-widget_type=\"spacer.default\">\n\t\t\t\t\t\t\t<div class=\"elementor-spacer\">\n\t\t\t<div class=\"elementor-spacer-inner\"><\/div>\n\t\t<\/div>\n\t\t\t\t\t\t<\/div>\n\t\t\t\t\t<\/div>\n\t\t<\/div>\n\t\t\t\t\t<\/div>\n\t\t<\/section>\n\t\t\t\t<\/div>\n\t\t","protected":false},"excerpt":{"rendered":"<p>Rama Asfalt Kalite Politikas\u0131: Adana\u2019dan T\u00fcm T\u00fcrkiye\u2019ye G\u00fcvenilir Asfalt \u00dcretimi Rama Asfalt olarak, asfalt \u00fcretimi ve asfalt uygulama hizmetlerimizde uluslararas\u0131 kalite standartlar\u0131n\u0131 esas al\u0131yoruz. Adana\u2019daki modern tesislerimizde \u00fcretti\u011fimiz asfalt, hem yerel hem de ulusal \u00f6l\u00e7ekte ihtiya\u00e7lara cevap verecek \u015fekilde tasarlanmaktad\u0131r. Kalitemizi s\u00fcrekli iyile\u015ftirmek i\u00e7in \u00fcretim s\u00fcrecimizin her a\u015famas\u0131nda titiz kontroller<\/p>\n","protected":false},"author":1,"featured_media":0,"parent":0,"menu_order":0,"comment_status":"closed","ping_status":"closed","template":"","meta":{"inline_featured_image":false,"footnotes":""},"class_list":["post-6321","page","type-page","status-publish","hentry"],"_links":{"self":[{"href":"https:\/\/kreatif360.com\/ramademo\/wp-json\/wp\/v2\/pages\/6321","targetHints":{"allow":["GET"]}}],"collection":[{"href":"https:\/\/kreatif360.com\/ramademo\/wp-json\/wp\/v2\/pages"}],"about":[{"href":"https:\/\/kreatif360.com\/ramademo\/wp-json\/wp\/v2\/types\/page"}],"author":[{"embeddable":true,"href":"https:\/\/kreatif360.com\/ramademo\/wp-json\/wp\/v2\/users\/1"}],"replies":[{"embeddable":true,"href":"https:\/\/kreatif360.com\/ramademo\/wp-json\/wp\/v2\/comments?post=6321"}],"version-history":[{"count":11,"href":"https:\/\/kreatif360.com\/ramademo\/wp-json\/wp\/v2\/pages\/6321\/revisions"}],"predecessor-version":[{"id":6405,"href":"https:\/\/kreatif360.com\/ramademo\/wp-json\/wp\/v2\/pages\/6321\/revisions\/6405"}],"wp:attachment":[{"href":"https:\/\/kreatif360.com\/ramademo\/wp-json\/wp\/v2\/media?parent=6321"}],"curies":[{"name":"wp","href":"https:\/\/api.w.org\/{rel}","templated":true}]}}