{"id":3976,"date":"2023-10-03T08:01:23","date_gmt":"2023-10-03T08:01:23","guid":{"rendered":"https:\/\/tplabs.co\/tombuild\/?page_id=3976"},"modified":"2023-10-03T08:01:23","modified_gmt":"2023-10-03T08:01:23","slug":"blog-grid","status":"publish","type":"page","link":"https:\/\/kreatif360.com\/ramademo\/blog-grid\/","title":{"rendered":"Blog Grid"},"content":{"rendered":"\t\t<div data-elementor-type=\"wp-page\" data-elementor-id=\"3976\" class=\"elementor elementor-3976\">\n\t\t\t\t\t\t<section class=\"elementor-section elementor-top-section elementor-element elementor-element-df20542 elementor-section-boxed elementor-section-height-default elementor-section-height-default\" data-id=\"df20542\" data-element_type=\"section\" data-e-type=\"section\">\n\t\t\t\t\t\t<div class=\"elementor-container elementor-column-gap-default\">\n\t\t\t\t\t<div class=\"elementor-column elementor-col-100 elementor-top-column elementor-element elementor-element-a7dc985\" data-id=\"a7dc985\" data-element_type=\"column\" data-e-type=\"column\">\n\t\t\t<div class=\"elementor-widget-wrap elementor-element-populated\">\n\t\t\t\t\t\t<div class=\"elementor-element elementor-element-ec30f0d elementor-widget elementor-widget-spacer\" data-id=\"ec30f0d\" data-element_type=\"widget\" data-e-type=\"widget\" data-widget_type=\"spacer.default\">\n\t\t\t\t\t\t\t<div class=\"elementor-spacer\">\n\t\t\t<div class=\"elementor-spacer-inner\"><\/div>\n\t\t<\/div>\n\t\t\t\t\t\t<\/div>\n\t\t\t\t<div class=\"elementor-element elementor-element-2cc84d0 align-center heading-default elementor-widget elementor-widget-mae-headings\" data-id=\"2cc84d0\" data-element_type=\"widget\" data-e-type=\"widget\" data-widget_type=\"mae-headings.default\">\n\t\t\t\t<div class=\"elementor-widget-container\">\n\t\t\t\t\t\t\t<div class=\"master-heading sep-none\">\n\t\t\t\t\t\t\t        \n\t        \n\t        \t        <h2 class=\"main-heading\">Construction and Engineering \u2014 News and Insights<span class=\"accent-color\">.<\/span><\/h2>\n\t        \n\t        \n\t        \t            <div class=\"sub-heading\">View recent Construction and Engineering product announcements, updates, and more.<\/div>\n\t        \t    <\/div>\n\t    \t\t\t\t<\/div>\n\t\t\t\t<\/div>\n\t\t\t\t<div class=\"elementor-element elementor-element-1fc4777 hover-eff-5 line-hover news-style-1 author-default elementor-widget elementor-widget-mae-news-grid\" data-id=\"1fc4777\" data-element_type=\"widget\" data-e-type=\"widget\" data-widget_type=\"mae-news-grid.default\">\n\t\t\t\t<div class=\"elementor-widget-container\">\n\t\t\t\t\t\n        <div class=\"master-portfolio\" data-config='{\"columns\":3,\"columnsTablet\":2,\"columnsMobile\":1,\"gapHorizontal\":30,\"gapVertical\":30,\"layoutMode\":\"grid\"}'>\n            <div class=\"galleries cbp\">\n                                    \n                        <div class=\"cbp-item\">\n                            <div class=\"master-news item-carousel\">\n                                <div class=\"image-wrap\"><a class=\"thumb\" href=\"https:\/\/kreatif360.com\/ramademo\/2025\/08\/03\/asfaltin-genc-lideriyle-roportaj-rama-grup-genel-muduru-tuncer-yeyrek\/\" aria-label=\"Asfalt\u0131n Gen\u00e7 Lideriyle R\u00f6portaj: Rama Grup Genel M\u00fcd\u00fcr\u00fc Tuncer Yeyrek\"><span class=\"inner\"><\/span><\/a><\/div><div class=\"content-wrap\"><div class=\"post-meta\">                <span class=\"post-meta-categories item\">                <a href=\"https:\/\/kreatif360.com\/ramademo\/category\/haberler\/\" rel=\"category tag\">Haberler<\/a>                <\/span>\n            <\/div><h3 class=\"headline-2\"><a href=\"https:\/\/kreatif360.com\/ramademo\/2025\/08\/03\/asfaltin-genc-lideriyle-roportaj-rama-grup-genel-muduru-tuncer-yeyrek\/\">Asfalt\u0131n Gen\u00e7 Lideriyle R\u00f6portaj: Rama Grup Genel M\u00fcd\u00fcr\u00fc Tuncer Yeyrek<\/a><\/h3><div class=\"desc\">Welcome to WordPress. This is your first post. Edit or...<\/div><div class=\"sep\"><\/div><div class=\"bottom-wrap\">            <div class=\"url-wrap\">\n                <a class=\"master-link  icon-none\" href=\"https:\/\/kreatif360.com\/ramademo\/2025\/08\/03\/asfaltin-genc-lideriyle-roportaj-rama-grup-genel-muduru-tuncer-yeyrek\/\">\n                                        <span>Read More<\/span>\n                                    <\/a>\n            <\/div>\n\n            <div class=\"post-meta\"><\/div><\/div><\/div>        \n                            <\/div>\n                        <\/div>\n                    \n                        <div class=\"cbp-item\">\n                            <div class=\"master-news item-carousel\">\n                                <div class=\"image-wrap\"><a class=\"thumb\" href=\"https:\/\/kreatif360.com\/ramademo\/2025\/08\/03\/tuncer-yeyrek-anlatiyor-yama-isinden-sektor-liderligine-2\/\" aria-label=\"Tuncer Yeyrek Anlat\u0131yor: Yama \u0130\u015finden Sekt\u00f6r Liderli\u011fine\"><span class=\"inner\"><\/span><\/a><\/div><div class=\"content-wrap\"><div class=\"post-meta\">                <span class=\"post-meta-categories item\">                <a href=\"https:\/\/kreatif360.com\/ramademo\/category\/haberler\/\" rel=\"category tag\">Haberler<\/a>                <\/span>\n            <\/div><h3 class=\"headline-2\"><a href=\"https:\/\/kreatif360.com\/ramademo\/2025\/08\/03\/tuncer-yeyrek-anlatiyor-yama-isinden-sektor-liderligine-2\/\">Tuncer Yeyrek Anlat\u0131yor: Yama \u0130\u015finden Sekt\u00f6r Liderli\u011fine<\/a><\/h3><div class=\"desc\">Welcome to WordPress. This is your first post. Edit or...<\/div><div class=\"sep\"><\/div><div class=\"bottom-wrap\">            <div class=\"url-wrap\">\n                <a class=\"master-link  icon-none\" href=\"https:\/\/kreatif360.com\/ramademo\/2025\/08\/03\/tuncer-yeyrek-anlatiyor-yama-isinden-sektor-liderligine-2\/\">\n                                        <span>Read More<\/span>\n                                    <\/a>\n            <\/div>\n\n            <div class=\"post-meta\"><\/div><\/div><\/div>        \n                            <\/div>\n                        <\/div>\n                    \n                        <div class=\"cbp-item\">\n                            <div class=\"master-news item-carousel\">\n                                <div class=\"image-wrap\"><a class=\"thumb\" href=\"https:\/\/kreatif360.com\/ramademo\/2025\/07\/14\/tuncer-yeyrek-anlatiyor-yama-isinden-sektor-liderligine\/\" aria-label=\"Tuncer Yeyrek Anlat\u0131yor: Yama \u0130\u015finden Sekt\u00f6r Liderli\u011fine\"><span class=\"inner\"><\/span><\/a><\/div><div class=\"content-wrap\"><div class=\"post-meta\">                <span class=\"post-meta-categories item\">                <a href=\"https:\/\/kreatif360.com\/ramademo\/category\/haberler\/\" rel=\"category tag\">Haberler<\/a>                <\/span>\n            <\/div><h3 class=\"headline-2\"><a href=\"https:\/\/kreatif360.com\/ramademo\/2025\/07\/14\/tuncer-yeyrek-anlatiyor-yama-isinden-sektor-liderligine\/\">Tuncer Yeyrek Anlat\u0131yor: Yama \u0130\u015finden Sekt\u00f6r Liderli\u011fine<\/a><\/h3><div class=\"desc\">Welcome to WordPress. This is your first post. Edit or...<\/div><div class=\"sep\"><\/div><div class=\"bottom-wrap\">            <div class=\"url-wrap\">\n                <a class=\"master-link  icon-none\" href=\"https:\/\/kreatif360.com\/ramademo\/2025\/07\/14\/tuncer-yeyrek-anlatiyor-yama-isinden-sektor-liderligine\/\">\n                                        <span>Read More<\/span>\n                                    <\/a>\n            <\/div>\n\n            <div class=\"post-meta\"><\/div><\/div><\/div>        \n                            <\/div>\n                        <\/div>\n                                <\/div><!-- galleries -->\n        <\/div><!-- master-portfolio -->\n        \t\t\t\t<\/div>\n\t\t\t\t<\/div>\n\t\t\t\t<div class=\"elementor-element elementor-element-e78a706 elementor-widget elementor-widget-spacer\" data-id=\"e78a706\" data-element_type=\"widget\" data-e-type=\"widget\" data-widget_type=\"spacer.default\">\n\t\t\t\t\t\t\t<div class=\"elementor-spacer\">\n\t\t\t<div class=\"elementor-spacer-inner\"><\/div>\n\t\t<\/div>\n\t\t\t\t\t\t<\/div>\n\t\t\t\t\t<\/div>\n\t\t<\/div>\n\t\t\t\t\t<\/div>\n\t\t<\/section>\n\t\t\t\t<\/div>\n\t\t","protected":false},"excerpt":{"rendered":"<p>Construction and Engineering \u2014 News and Insights. View recent Construction and Engineering product announcements, updates, and more. Solar Power The Trina Solar\u2019s 210 PERC cell reaches record 24% efficiency Architecture and Engineering studio Foster + Partners has won planning&#8230; Read More Renewable Energy The urgency of advancing battery storage for<\/p>\n","protected":false},"author":1,"featured_media":0,"parent":0,"menu_order":0,"comment_status":"closed","ping_status":"closed","template":"","meta":{"inline_featured_image":false,"footnotes":""},"class_list":["post-3976","page","type-page","status-publish","hentry"],"_links":{"self":[{"href":"https:\/\/kreatif360.com\/ramademo\/wp-json\/wp\/v2\/pages\/3976","targetHints":{"allow":["GET"]}}],"collection":[{"href":"https:\/\/kreatif360.com\/ramademo\/wp-json\/wp\/v2\/pages"}],"about":[{"href":"https:\/\/kreatif360.com\/ramademo\/wp-json\/wp\/v2\/types\/page"}],"author":[{"embeddable":true,"href":"https:\/\/kreatif360.com\/ramademo\/wp-json\/wp\/v2\/users\/1"}],"replies":[{"embeddable":true,"href":"https:\/\/kreatif360.com\/ramademo\/wp-json\/wp\/v2\/comments?post=3976"}],"version-history":[{"count":0,"href":"https:\/\/kreatif360.com\/ramademo\/wp-json\/wp\/v2\/pages\/3976\/revisions"}],"wp:attachment":[{"href":"https:\/\/kreatif360.com\/ramademo\/wp-json\/wp\/v2\/media?parent=3976"}],"curies":[{"name":"wp","href":"https:\/\/api.w.org\/{rel}","templated":true}]}}